{"id":865,"date":"2025-08-04T11:35:31","date_gmt":"2025-08-04T09:35:31","guid":{"rendered":"https:\/\/simon-langin.preprodagenceae.xyz\/?page_id=865"},"modified":"2025-11-24T20:07:31","modified_gmt":"2025-11-24T19:07:31","slug":"a-propos","status":"publish","type":"page","link":"https:\/\/simon-langin.preprodagenceae.xyz\/index.php\/a-propos\/","title":{"rendered":"\u00c0 propos"},"content":{"rendered":"\t\t<div data-elementor-type=\"wp-page\" data-elementor-id=\"865\" class=\"elementor elementor-865\" data-elementor-post-type=\"page\">\n\t\t\t\t<div class=\"elementor-element elementor-element-13248a5 e-con-full e-flex e-con e-parent\" data-id=\"13248a5\" data-element_type=\"container\" data-e-type=\"container\" data-settings=\"{&quot;background_background&quot;:&quot;classic&quot;}\">\n\t\t<div class=\"elementor-element elementor-element-63b3856 e-con-full e-flex e-con e-child\" data-id=\"63b3856\" data-element_type=\"container\" data-e-type=\"container\">\n\t\t<div class=\"elementor-element elementor-element-482f06d e-con-full e-flex e-con e-child\" data-id=\"482f06d\" data-element_type=\"container\" data-e-type=\"container\" data-settings=\"{&quot;sticky&quot;:&quot;top&quot;,&quot;sticky_parent&quot;:&quot;yes&quot;,&quot;sticky_on&quot;:[&quot;desktop&quot;],&quot;background_background&quot;:&quot;classic&quot;,&quot;sticky_offset&quot;:0,&quot;sticky_effects_offset&quot;:0,&quot;sticky_anchor_link_offset&quot;:0}\">\n\t\t\t\t<div class=\"elementor-element elementor-element-d5e6178 elementor-widget-mobile__width-initial elementor-widget-tablet__width-initial elementor-widget__width-initial elementor-invisible elementor-widget elementor-widget-heading\" data-id=\"d5e6178\" data-element_type=\"widget\" data-e-type=\"widget\" data-settings=\"{&quot;_animation&quot;:&quot;slideInUp&quot;}\" data-widget_type=\"heading.default\">\n\t\t\t\t<div class=\"elementor-widget-container\">\n\t\t\t\t\t<h2 class=\"elementor-heading-title elementor-size-default\">\u00e0 propos de SIMON LANGIN<\/h2>\t\t\t\t<\/div>\n\t\t\t\t<\/div>\n\t\t\t\t<\/div>\n\t\t\t\t<\/div>\n\t\t<div class=\"elementor-element elementor-element-8d73536 e-flex e-con-boxed e-con e-child\" data-id=\"8d73536\" data-element_type=\"container\" data-e-type=\"container\" data-settings=\"{&quot;background_background&quot;:&quot;classic&quot;}\">\n\t\t\t\t\t<div class=\"e-con-inner\">\n\t\t\t\t<div class=\"elementor-element elementor-element-695d2fe animated-slow elementor-invisible elementor-widget elementor-widget-text-editor\" data-id=\"695d2fe\" data-element_type=\"widget\" data-e-type=\"widget\" data-settings=\"{&quot;_animation&quot;:&quot;fadeIn&quot;}\" data-widget_type=\"text-editor.default\">\n\t\t\t\t<div class=\"elementor-widget-container\">\n\t\t\t\t\t\t\t\t\t<p><b>Simon<\/b><span style=\"font-weight: 400;\"> est un artiste interpr\u00e8te, danseur, performeur, auteur et metteur en sc\u00e8ne fran\u00e7ais bas\u00e9 \u00e0 Paris. Il d\u00e9veloppe son travail autour du mouvement physique, psychologique et verbal.<\/span><\/p>\t\t\t\t\t\t\t\t<\/div>\n\t\t\t\t<\/div>\n\t\t\t\t<div class=\"elementor-element elementor-element-027679c animated-slow elementor-invisible elementor-widget elementor-widget-image\" data-id=\"027679c\" data-element_type=\"widget\" data-e-type=\"widget\" data-settings=\"{&quot;_animation&quot;:&quot;fadeIn&quot;}\" data-widget_type=\"image.default\">\n\t\t\t\t<div class=\"elementor-widget-container\">\n\t\t\t\t\t\t\t\t\t\t\t\t<figure class=\"wp-caption\">\n\t\t\t\t\t\t\t\t\t\t\t<a href=\"https:\/\/simon-langin.preprodagenceae.xyz\/wp-content\/uploads\/2025\/08\/Session-studio-SIMON-081-Modifier-scaled.jpg\" data-elementor-open-lightbox=\"no\">\n\t\t\t\t\t\t\t<img fetchpriority=\"high\" decoding=\"async\" width=\"1847\" height=\"2560\" src=\"https:\/\/simon-langin.preprodagenceae.xyz\/wp-content\/uploads\/2025\/08\/Session-studio-SIMON-081-Modifier-scaled.jpg\" class=\"attachment-full size-full wp-image-1077\" alt=\"\" srcset=\"https:\/\/simon-langin.preprodagenceae.xyz\/wp-content\/uploads\/2025\/08\/Session-studio-SIMON-081-Modifier-scaled.jpg 1847w, https:\/\/simon-langin.preprodagenceae.xyz\/wp-content\/uploads\/2025\/08\/Session-studio-SIMON-081-Modifier-216x300.jpg 216w, https:\/\/simon-langin.preprodagenceae.xyz\/wp-content\/uploads\/2025\/08\/Session-studio-SIMON-081-Modifier-739x1024.jpg 739w, https:\/\/simon-langin.preprodagenceae.xyz\/wp-content\/uploads\/2025\/08\/Session-studio-SIMON-081-Modifier-768x1065.jpg 768w, https:\/\/simon-langin.preprodagenceae.xyz\/wp-content\/uploads\/2025\/08\/Session-studio-SIMON-081-Modifier-1108x1536.jpg 1108w, https:\/\/simon-langin.preprodagenceae.xyz\/wp-content\/uploads\/2025\/08\/Session-studio-SIMON-081-Modifier-1477x2048.jpg 1477w\" sizes=\"(max-width: 1847px) 100vw, 1847px\" \/>\t\t\t\t\t\t\t\t<\/a>\n\t\t\t\t\t\t\t\t\t\t\t<figcaption class=\"widget-image-caption wp-caption-text\">\u00a9 William Langer<\/figcaption>\n\t\t\t\t\t\t\t\t\t\t<\/figure>\n\t\t\t\t\t\t\t\t\t<\/div>\n\t\t\t\t<\/div>\n\t\t\t\t<div class=\"elementor-element elementor-element-10546b0 animated-slow elementor-invisible elementor-widget elementor-widget-text-editor\" data-id=\"10546b0\" data-element_type=\"widget\" data-e-type=\"widget\" data-settings=\"{&quot;_animation&quot;:&quot;fadeIn&quot;}\" data-widget_type=\"text-editor.default\">\n\t\t\t\t<div class=\"elementor-widget-container\">\n\t\t\t\t\t\t\t\t\t<p><span style=\"font-weight: 400;\">Apr\u00e8s un cursus P\u00f4le Espoir Handball Lyon puis en semi-professionnel \u00e0 Lyon, Simon se forme \u00e0 l\u2019art dramatique \u00e0 l\u2019\u00e9cole La Volia \u00e0 Paris (p.2023), o\u00f9 il y travaille par la suite en tant qu\u2019assistant p\u00e9dagogique.\u00a0<\/span><\/p><p><span style=\"font-weight: 400;\">En parall\u00e8le de sa formation, il cr\u00e9e sa compagnie SHIMOON avec laquelle il r\u00e9alise diverses productions artistiques \u2013 tant sur les planches qu\u2019en dehors <\/span><i><span style=\"font-weight: 400;\">(FUGUE, THE WAY BACK, VOLIA FEST\u2026)<\/span><\/i><span style=\"font-weight: 400;\">\u00a0 jusqu\u2019\u00e0 aujourd\u2019hui.\u00a0<\/span><\/p><p><span style=\"font-weight: 400;\">Simon dirige \u00e9galement de nombreux ateliers p\u00e9dagogiques avec sa compagnie aupr\u00e8s de publics vari\u00e9s (coll\u00e8ges, lyc\u00e9es, entreprises, associations\u2026), ainsi que des formations de prises de parole avec l\u2019association Trouve Ta Voix. Entre 2023 et 2024 il r\u00e9alise plus de 170 heures d\u2019ateliers th\u00e9\u00e2tre \/ prise de parole, en intervenant avec des structures comme : le Cube Garges-l\u00e8s-Gonesse, Digital Academy, le Centre d&rsquo;Education Ferm\u00e9 de Savigny, l&rsquo;Acad\u00e9mie de Paris, le Collectif pour luneTransition Citoyenne, Vitamine T, Ashoka France x Schneider Electric et<strong> l<\/strong><\/span><strong>es lyc\u00e9es : Fernand et Nadia L\u00e9ger (Argenteuil), Louise Michel (Epiney-sur-Seine), Julien Gracq (Beaupr\u00e9au-en-Mauges et Ernest Perochon (Parthenay).<\/strong><\/p><p><span style=\"font-weight: 400;\">Il int\u00e8gre en 2024 le centre de formation Pietragalla-Derouault de la compagnie du Th\u00e9\u00e2tre du Corps, et participe aux diverses productions de la compagnie, comme le spectacle <\/span><i><span style=\"font-weight: 400;\">Don Quichotte<\/span><\/i><span style=\"font-weight: 400;\"> dont la tourn\u00e9e commen\u00e7a en septembre 2025 au festival Cadences \u00e0 Arcachon.<\/span><\/p><p><span style=\"font-weight: 400;\">De la mise en sc\u00e8ne jusqu\u2019au jeu, en passant par la performance et la p\u00e9dagogie, son engagement est pluridisciplinaire. Il advient d\u2019une volont\u00e9 de produire des \u0153uvres perceptibles par le plus grand nombre, et est nourri d\u2019une r\u00e9flexion sociale et humaine forte. Si la base de son travail est le mouvement, il cherche aussi \u00e0 cr\u00e9er du lien avec l\u2019\u00e9trange. \u00c9trange en termes de cr\u00e9ature, mais aussi de ce qui nous est \u00e9trang\u00e9 socialement. Ne cherchant pas \u00e0 se limiter \u00e0 un m\u00e9dium pr\u00e9cis ou une quelconque forme de repr\u00e9sentation pr\u00e9d\u00e9fini, il part de recherche soci\u00e9tale de la vie pour cr\u00e9er de la mati\u00e8re et apporter des pistes de r\u00e9flexions \u00e0 facteurs d\u2019\u00e9volution sociale.<\/span><\/p>\t\t\t\t\t\t\t\t<\/div>\n\t\t\t\t<\/div>\n\t\t\t\t<div class=\"elementor-element elementor-element-8346859 animated-slow elementor-invisible elementor-widget elementor-widget-image\" data-id=\"8346859\" data-element_type=\"widget\" data-e-type=\"widget\" data-settings=\"{&quot;_animation&quot;:&quot;fadeIn&quot;}\" data-widget_type=\"image.default\">\n\t\t\t\t<div class=\"elementor-widget-container\">\n\t\t\t\t\t\t\t\t\t\t\t\t<figure class=\"wp-caption\">\n\t\t\t\t\t\t\t\t\t\t\t<a href=\"https:\/\/simon-langin.preprodagenceae.xyz\/wp-content\/uploads\/2025\/08\/IMG_1852.jpg\" data-elementor-open-lightbox=\"no\">\n\t\t\t\t\t\t\t<img decoding=\"async\" width=\"2048\" height=\"1113\" src=\"https:\/\/simon-langin.preprodagenceae.xyz\/wp-content\/uploads\/2025\/08\/IMG_1852-e1759660350212.jpg\" class=\"attachment-full size-full wp-image-1296\" alt=\"\" srcset=\"https:\/\/simon-langin.preprodagenceae.xyz\/wp-content\/uploads\/2025\/08\/IMG_1852-e1759660350212.jpg 2048w, https:\/\/simon-langin.preprodagenceae.xyz\/wp-content\/uploads\/2025\/08\/IMG_1852-e1759660350212-300x163.jpg 300w, https:\/\/simon-langin.preprodagenceae.xyz\/wp-content\/uploads\/2025\/08\/IMG_1852-e1759660350212-1024x557.jpg 1024w, https:\/\/simon-langin.preprodagenceae.xyz\/wp-content\/uploads\/2025\/08\/IMG_1852-e1759660350212-768x417.jpg 768w, https:\/\/simon-langin.preprodagenceae.xyz\/wp-content\/uploads\/2025\/08\/IMG_1852-e1759660350212-1536x835.jpg 1536w\" sizes=\"(max-width: 2048px) 100vw, 2048px\" \/>\t\t\t\t\t\t\t\t<\/a>\n\t\t\t\t\t\t\t\t\t\t\t<figcaption class=\"widget-image-caption wp-caption-text\">FRACTURE \u00a9 Mandy<\/figcaption>\n\t\t\t\t\t\t\t\t\t\t<\/figure>\n\t\t\t\t\t\t\t\t\t<\/div>\n\t\t\t\t<\/div>\n\t\t\t\t\t<\/div>\n\t\t\t\t<\/div>\n\t\t\t\t<\/div>\n\t\t<div class=\"elementor-element elementor-element-e1e40c6 e-con-full e-flex e-con e-parent\" data-id=\"e1e40c6\" data-element_type=\"container\" data-e-type=\"container\" data-settings=\"{&quot;background_background&quot;:&quot;classic&quot;}\">\n\t\t\t\t<\/div>\n\t\t<div class=\"elementor-element elementor-element-a9cf873 e-con-full e-flex e-con e-parent\" data-id=\"a9cf873\" data-element_type=\"container\" data-e-type=\"container\" data-settings=\"{&quot;background_background&quot;:&quot;classic&quot;}\">\n\t\t<div class=\"elementor-element elementor-element-8499ba7 e-flex e-con-boxed e-con e-child\" data-id=\"8499ba7\" data-element_type=\"container\" data-e-type=\"container\" data-settings=\"{&quot;background_background&quot;:&quot;classic&quot;}\">\n\t\t\t\t\t<div class=\"e-con-inner\">\n\t\t\t\t<div class=\"elementor-element elementor-element-975b6ea animated-slow elementor-invisible elementor-widget elementor-widget-coco-button-underline\" data-id=\"975b6ea\" data-element_type=\"widget\" data-e-type=\"widget\" data-settings=\"{&quot;_animation&quot;:&quot;bounceInLeft&quot;}\" data-widget_type=\"coco-button-underline.default\">\n\t\t\t\t<div class=\"elementor-widget-container\">\n\t\t\t\t\t<a class=\"coco-button-underline slow-scroll\"  target= _blank rel=nofollow>La presse en parle :<\/a>\t\t\t\t<\/div>\n\t\t\t\t<\/div>\n\t\t\t\t<div class=\"elementor-element elementor-element-e4702bb animated-slow elementor-invisible elementor-widget elementor-widget-text-editor\" data-id=\"e4702bb\" data-element_type=\"widget\" data-e-type=\"widget\" data-settings=\"{&quot;_animation&quot;:&quot;fadeIn&quot;}\" data-widget_type=\"text-editor.default\">\n\t\t\t\t<div class=\"elementor-widget-container\">\n\t\t\t\t\t\t\t\t\t<p><a href=\"https:\/\/laperle-paris.com\/nospartenaires\/la-perle-froisses-avignon-festival-troupe-theatre-fugue-shimoon-troupe-comedien-acteur\/\" target=\"_blank\" rel=\"noopener\">Dans le cadre du Festival D\u2019Avignon du 30 juin 2022, La Perle est partenaire du collectif \u201cLes Froiss\u00e9s\u201d. La troupe parisienne s\u2019en va jouer \u201cFugue\u201d, une pi\u00e8ce \u00e9crite et produite par Simon Langin, \u00e9galement membre du groupe. Portrait d\u2019un insatiable.<\/a><\/p>\t\t\t\t\t\t\t\t<\/div>\n\t\t\t\t<\/div>\n\t\t\t\t\t<\/div>\n\t\t\t\t<\/div>\n\t\t\t\t<\/div>\n\t\t\t\t<\/div>\n\t\t","protected":false},"excerpt":{"rendered":"<p>\u00e0 propos de SIMON LANGIN Simon est un artiste interpr\u00e8te, danseur, performeur, auteur et metteur en sc\u00e8ne fran\u00e7ais bas\u00e9 \u00e0 Paris. Il d\u00e9veloppe son travail autour du mouvement physique, psychologique et verbal. \u00a9 William Langer Apr\u00e8s un cursus P\u00f4le Espoir Handball Lyon puis en semi-professionnel \u00e0 Lyon, Simon se forme \u00e0 l\u2019art dramatique \u00e0 l\u2019\u00e9cole [&hellip;]<\/p>\n","protected":false},"author":1,"featured_media":0,"parent":0,"menu_order":0,"comment_status":"closed","ping_status":"closed","template":"elementor_header_footer","meta":{"footnotes":""},"class_list":["post-865","page","type-page","status-publish","hentry"],"_links":{"self":[{"href":"https:\/\/simon-langin.preprodagenceae.xyz\/index.php\/wp-json\/wp\/v2\/pages\/865","targetHints":{"allow":["GET"]}}],"collection":[{"href":"https:\/\/simon-langin.preprodagenceae.xyz\/index.php\/wp-json\/wp\/v2\/pages"}],"about":[{"href":"https:\/\/simon-langin.preprodagenceae.xyz\/index.php\/wp-json\/wp\/v2\/types\/page"}],"author":[{"embeddable":true,"href":"https:\/\/simon-langin.preprodagenceae.xyz\/index.php\/wp-json\/wp\/v2\/users\/1"}],"replies":[{"embeddable":true,"href":"https:\/\/simon-langin.preprodagenceae.xyz\/index.php\/wp-json\/wp\/v2\/comments?post=865"}],"version-history":[{"count":250,"href":"https:\/\/simon-langin.preprodagenceae.xyz\/index.php\/wp-json\/wp\/v2\/pages\/865\/revisions"}],"predecessor-version":[{"id":2706,"href":"https:\/\/simon-langin.preprodagenceae.xyz\/index.php\/wp-json\/wp\/v2\/pages\/865\/revisions\/2706"}],"wp:attachment":[{"href":"https:\/\/simon-langin.preprodagenceae.xyz\/index.php\/wp-json\/wp\/v2\/media?parent=865"}],"curies":[{"name":"wp","href":"https:\/\/api.w.org\/{rel}","templated":true}]}}